 {"id":3268,"date":"2023-02-11T02:50:58","date_gmt":"2023-02-11T00:50:58","guid":{"rendered":"https:\/\/kapitonotaksi.lt\/?page_id=3268"},"modified":"2025-03-08T20:44:15","modified_gmt":"2025-03-08T18:44:15","slug":"technine-pagalba-kelyje-neringos-mieste","status":"publish","type":"page","link":"https:\/\/kapitonotaksi.lt\/en\/roadside-assistance-in-neringa\/","title":{"rendered":"Technical roadside assistance in Neringa"},"content":{"rendered":"<div data-elementor-type=\"wp-page\" data-elementor-id=\"3268\" class=\"elementor elementor-3268\">\n\t\t\t\t\t\t\t\t\t<section class=\"elementor-section elementor-top-section elementor-element elementor-element-794b37d elementor-section-full_width elementor-section-stretched elementor-section-height-default elementor-section-height-default\" data-id=\"794b37d\" data-element_type=\"section\" data-settings=\"{&quot;stretch_section&quot;:&quot;section-stretched&quot;}\">\n\t\t\t\t\t\t<div class=\"elementor-container elementor-column-gap-no\">\n\t\t\t\t\t<div class=\"elementor-column elementor-col-100 elementor-top-column elementor-element elementor-element-df86eeb\" data-id=\"df86eeb\" data-element_type=\"column\">\n\t\t\t<div class=\"elementor-widget-wrap elementor-element-populated\">\n\t\t\t\t\t\t\t\t<section class=\"elementor-section elementor-inner-section elementor-element elementor-element-b5d91db elementor-section-content-bottom elementor-section-boxed elementor-section-height-default elementor-section-height-default\" data-id=\"b5d91db\" data-element_type=\"section\">\n\t\t\t\t\t\t<div class=\"elementor-container elementor-column-gap-no\">\n\t\t\t\t\t<div class=\"elementor-column elementor-col-50 elementor-inner-column elementor-element elementor-element-0aeeb9a\" data-id=\"0aeeb9a\" data-element_type=\"column\">\n\t\t\t<div class=\"elementor-widget-wrap elementor-element-populated\">\n\t\t\t\t\t\t\t\t<div class=\"elementor-element elementor-element-9ab1a28 elementor-widget elementor-widget-taxsecogroupimage\" data-id=\"9ab1a28\" data-element_type=\"widget\" data-widget_type=\"taxsecogroupimage.default\">\n\t\t\t\t<div class=\"elementor-widget-container\">\n\t\t\t<div class=\"img-box1\"><div class=\"img1\"><img decoding=\"async\" src=\"https:\/\/kapitonotaksi.lt\/wp-content\/uploads\/2023\/02\/motor-g476287d85_1920-e1676076277998.jpg\" alt=\"engine g476287d85_1920 e1676076277998\"  \/><\/div><div class=\"info-card\"><div class=\"info-card_icon text-title\"><i class=\"fas fa-phone\"><\/i><\/div><div class=\"info-card_content\"><p class=\"info-card_text text-white\">Call this number for help:<\/p><a href=\"tel:http:\/\/+370%20652%2093470\" class=\"info-card_link text-white\">+370 652 93470<\/a><\/div><\/div><\/div>\t\t<\/div>\n\t\t\t\t<\/div>\n\t\t\t\t\t<\/div>\n\t\t<\/div>\n\t\t\t\t<div class=\"elementor-column elementor-col-50 elementor-inner-column elementor-element elementor-element-b3827c3\" data-id=\"b3827c3\" data-element_type=\"column\">\n\t\t\t<div class=\"elementor-widget-wrap elementor-element-populated\">\n\t\t\t\t\t\t\t\t<div class=\"elementor-element elementor-element-94d40a5 elementor-widget elementor-widget-shortcode\" data-id=\"94d40a5\" data-element_type=\"widget\" data-widget_type=\"shortcode.default\">\n\t\t\t\t<div class=\"elementor-widget-container\">\n\t\t\t\t\t<div class=\"elementor-shortcode\"><h2><\/h2><\/div>\n\t\t\t\t<\/div>\n\t\t\t\t<\/div>\n\t\t\t\t<div class=\"elementor-element elementor-element-5a8f307 elementor-widget elementor-widget-taxsecosectiontitle\" data-id=\"5a8f307\" data-element_type=\"widget\" data-widget_type=\"taxsecosectiontitle.default\">\n\t\t\t\t<div class=\"elementor-widget-container\">\n\t\t\t<div class=\"title-area\" ><h2 class=\"sec-title subtitle-selector\">We'll provide you with technical support!<\/h2><p class=\"desc-selector mt-n2 mb-35\">If you choose to travel in your own car instead of a taxi, we are here to help you when you face challenges on the road. We provide technical assistance: we can come to your location throughout Neringa and provide an initial inspection and, if possible, primary assistance. Our garage in Nida carries out minor repairs to the chassis and brake system. We repair and fit tyres and balance wheels. Well, we hope you won't need this kind of help and that your journeys will be safe!<\/p><\/div>\t\t<\/div>\n\t\t\t\t<\/div>\n\t\t\t\t\t<\/div>\n\t\t<\/div>\n\t\t\t\t\t\t\t<\/div>\n\t\t<\/section>\n\t\t\t\t\t<\/div>\n\t\t<\/div>\n\t\t\t\t\t\t\t<\/div>\n\t\t<\/section>\n\t\t\t\t<section class=\"elementor-section elementor-top-section elementor-element elementor-element-c60f697 elementor-section-full_width elementor-section-stretched elementor-section-height-default elementor-section-height-default\" data-id=\"c60f697\" data-element_type=\"section\" data-settings=\"{&quot;background_background&quot;:&quot;classic&quot;,&quot;stretch_section&quot;:&quot;section-stretched&quot;}\">\n\t\t\t\t\t\t<div class=\"elementor-container elementor-column-gap-no\">\n\t\t\t\t\t<div class=\"elementor-column elementor-col-100 elementor-top-column elementor-element elementor-element-4541770\" data-id=\"4541770\" data-element_type=\"column\">\n\t\t\t<div class=\"elementor-widget-wrap elementor-element-populated\">\n\t\t\t\t\t\t\t\t<section class=\"elementor-section elementor-inner-section elementor-element elementor-element-5a7a671 elementor-section-full_width elementor-section-height-default elementor-section-height-default\" data-id=\"5a7a671\" data-element_type=\"section\">\n\t\t\t\t\t\t<div class=\"elementor-container elementor-column-gap-no\">\n\t\t\t\t\t<div class=\"elementor-column elementor-col-100 elementor-inner-column elementor-element elementor-element-9667c09\" data-id=\"9667c09\" data-element_type=\"column\">\n\t\t\t<div class=\"elementor-widget-wrap elementor-element-populated\">\n\t\t\t\t\t\t\t\t<div class=\"elementor-element elementor-element-ca149ed elementor-widget elementor-widget-taxsecosectiontitle\" data-id=\"ca149ed\" data-element_type=\"widget\" data-widget_type=\"taxsecosectiontitle.default\">\n\t\t\t\t<div class=\"elementor-widget-container\">\n\t\t\t<div class=\"title-area\" ><h2 class=\"sec-title subtitle-selector\">We provide the following services:<\/h2><\/div>\t\t<\/div>\n\t\t\t\t<\/div>\n\t\t\t\t\t<\/div>\n\t\t<\/div>\n\t\t\t\t\t\t\t<\/div>\n\t\t<\/section>\n\t\t\t\t<section class=\"elementor-section elementor-inner-section elementor-element elementor-element-88f1eda elementor-section-boxed elementor-section-height-default elementor-section-height-default\" data-id=\"88f1eda\" data-element_type=\"section\">\n\t\t\t\t\t\t<div class=\"elementor-container elementor-column-gap-no\">\n\t\t\t\t\t<div class=\"elementor-column elementor-col-100 elementor-inner-column elementor-element elementor-element-73814b3\" data-id=\"73814b3\" data-element_type=\"column\">\n\t\t\t<div class=\"elementor-widget-wrap elementor-element-populated\">\n\t\t\t\t\t\t\t\t<div class=\"elementor-element elementor-element-39efa1b elementor-widget elementor-widget-taxsecofeaturebox\" data-id=\"39efa1b\" data-element_type=\"widget\" data-widget_type=\"taxsecofeaturebox.default\">\n\t\t\t\t<div class=\"elementor-widget-container\">\n\t\t\t<div class=\"process-box-wrap\"><div class=\"process-box\"><div class=\"process-box_icon\"><i class=\"fa-solid fa-tire-flat\"><\/i><span class=\"process-box_num\">01<\/span><\/div><h3 class=\"process-box_title\">TYRE SERVICE<\/h3><p class=\"process-box_text\">Tyre repairs and fitting. Wheel balancing.<\/p><\/div><div class=\"process-box style2\"><div class=\"process-box_icon\"><i class=\"fa-solid fa-car-bump\"><\/i><span class=\"process-box_num\">02<\/span><\/div><h3 class=\"process-box_title\">Chassis repairs<\/h3><p class=\"process-box_text\">We can carry out minor repairs to the chassis and brake system.<\/p><\/div><div class=\"process-box\"><div class=\"process-box_icon\"><i class=\"fa-duotone fa-car-wrench\"><\/i><span class=\"process-box_num\">03<\/span><\/div><h3 class=\"process-box_title\">Other works<\/h3><p class=\"process-box_text\">If necessary, we will come to the scene, assess the situation and help you find the best solution so you can continue your journey safely.<\/p><\/div><\/div>\t\t<\/div>\n\t\t\t\t<\/div>\n\t\t\t\t\t<\/div>\n\t\t<\/div>\n\t\t\t\t\t\t\t<\/div>\n\t\t<\/section>\n\t\t\t\t\t<\/div>\n\t\t<\/div>\n\t\t\t\t\t\t\t<\/div>\n\t\t<\/section>\n\t\t\t\t<section class=\"elementor-section elementor-top-section elementor-element elementor-element-38a8822 elementor-section-full_width elementor-section-stretched elementor-section-height-default elementor-section-height-default\" data-id=\"38a8822\" data-element_type=\"section\" data-settings=\"{&quot;background_background&quot;:&quot;classic&quot;,&quot;stretch_section&quot;:&quot;section-stretched&quot;}\">\n\t\t\t\t\t\t\t<div class=\"elementor-background-overlay\"><\/div>\n\t\t\t\t\t\t\t<div class=\"elementor-container elementor-column-gap-no\">\n\t\t\t\t\t<div class=\"elementor-column elementor-col-100 elementor-top-column elementor-element elementor-element-ed1a951\" data-id=\"ed1a951\" data-element_type=\"column\">\n\t\t\t<div class=\"elementor-widget-wrap elementor-element-populated\">\n\t\t\t\t\t\t\t\t<section class=\"elementor-section elementor-inner-section elementor-element elementor-element-c5a38e9 elementor-section-boxed elementor-section-height-default elementor-section-height-default\" data-id=\"c5a38e9\" data-element_type=\"section\">\n\t\t\t\t\t\t<div class=\"elementor-container elementor-column-gap-no\">\n\t\t\t\t\t<div class=\"elementor-column elementor-col-100 elementor-inner-column elementor-element elementor-element-5666c3b\" data-id=\"5666c3b\" data-element_type=\"column\">\n\t\t\t<div class=\"elementor-widget-wrap elementor-element-populated\">\n\t\t\t\t\t\t\t\t<div class=\"elementor-element elementor-element-4897656 elementor-widget elementor-widget-heading\" data-id=\"4897656\" data-element_type=\"widget\" data-widget_type=\"heading.default\">\n\t\t\t\t<div class=\"elementor-widget-container\">\n\t\t\t<style>\/*! elementor - v3.18.0 - 20-12-2023 *\/\n.elementor-heading-title{padding:0;margin:0;line-height:1}.elementor-widget-heading .elementor-heading-title[class*=elementor-size-]>a{color:inherit;font-size:inherit;line-height:inherit}.elementor-widget-heading .elementor-heading-title.elementor-size-small{font-size:15px}.elementor-widget-heading .elementor-heading-title.elementor-size-medium{font-size:19px}.elementor-widget-heading .elementor-heading-title.elementor-size-large{font-size:29px}.elementor-widget-heading .elementor-heading-title.elementor-size-xl{font-size:39px}.elementor-widget-heading .elementor-heading-title.elementor-size-xxl{font-size:59px}<\/style><h5 class=\"elementor-heading-title elementor-size-default\">TECHNICAL ASSISTANCE IN NERINGA 24 HOURS A DAY:<\/h5>\t\t<\/div>\n\t\t\t\t<\/div>\n\t\t\t\t<div class=\"elementor-element elementor-element-cbb21fe elementor-widget elementor-widget-text-editor\" data-id=\"cbb21fe\" data-element_type=\"widget\" data-widget_type=\"text-editor.default\">\n\t\t\t\t<div class=\"elementor-widget-container\">\n\t\t\t<style>\/*! elementor - v3.18.0 - 20-12-2023 *\/\n.elementor-widget-text-editor.elementor-drop-cap-view-stacked .elementor-drop-cap{background-color:#69727d;color:#fff}.elementor-widget-text-editor.elementor-drop-cap-view-framed .elementor-drop-cap{color:#69727d;border:3px solid;background-color:transparent}.elementor-widget-text-editor:not(.elementor-drop-cap-view-default) .elementor-drop-cap{margin-top:8px}.elementor-widget-text-editor:not(.elementor-drop-cap-view-default) .elementor-drop-cap-letter{width:1em;height:1em}.elementor-widget-text-editor .elementor-drop-cap{float:left;text-align:center;line-height:1;font-size:50px}.elementor-widget-text-editor .elementor-drop-cap-letter{display:inline-block}<\/style>\t\t\t\t<p><a class=\"call-big\" href=\"tel:+370 652 93470\">+370 652 93470<\/a><\/p>\t\t\t\t\t\t<\/div>\n\t\t\t\t<\/div>\n\t\t\t\t<div class=\"elementor-element elementor-element-b525856 elementor-widget__width-initial elementor-widget elementor-widget-heading\" data-id=\"b525856\" data-element_type=\"widget\" data-widget_type=\"heading.default\">\n\t\t\t\t<div class=\"elementor-widget-container\">\n\t\t\t<p class=\"elementor-heading-title elementor-size-default\">Nida, Preila, Pervalka, Juodkrante<br>Car service in Nida<\/p>\t\t<\/div>\n\t\t\t\t<\/div>\n\t\t\t\t\t<\/div>\n\t\t<\/div>\n\t\t\t\t\t\t\t<\/div>\n\t\t<\/section>\n\t\t\t\t\t<\/div>\n\t\t<\/div>\n\t\t\t\t\t\t\t<\/div>\n\t\t<\/section>\n\t\t\t\t\t\t\t<\/div>","protected":false},"excerpt":{"rendered":"<p>Call us at +370 652 93470 We will provide you with technical support! If you choose to travel in your own car instead of a taxi, we are here to help you with any challenges on the road. We provide technical assistance: we can come to your location anywhere in Neringa and provide an initial inspection and, if possible, primary assistance. Our garage in Nida carries out minor chassis and...<\/p>","protected":false},"author":1,"featured_media":0,"parent":0,"menu_order":0,"comment_status":"closed","ping_status":"closed","template":"","meta":{"footnotes":""},"class_list":["post-3268","page","type-page","status-publish","hentry"],"yoast_head":"<!-- This site is optimized with the Yoast SEO plugin v27.3 - https:\/\/yoast.com\/product\/yoast-seo-wordpress\/ -->\n<title>Technin\u0117 pagalba kelyje Neringoje - Kapitono taksi<\/title>\n<meta name=\"robots\" content=\"index, follow, max-snippet:-1, max-image-preview:large, max-video-preview:-1\" \/>\n<link rel=\"canonical\" href=\"https:\/\/kapitonotaksi.lt\/en\/roadside-assistance-in-neringa\/\" \/>\n<meta property=\"og:locale\" content=\"en_US\" \/>\n<meta property=\"og:type\" content=\"article\" \/>\n<meta property=\"og:title\" content=\"Technin\u0117 pagalba kelyje Neringoje - Kapitono taksi\" \/>\n<meta property=\"og:description\" content=\"Kvieskite pagalb\u0105 \u0161iuo numeriu: +370 652 93470 Suteiksime jums technin\u0119 pagalb\u0105! Jeigu nusprend\u0117te keliauti nuosavu automobiliu, o ne taksi, mes esame pasiry\u017e\u0119 Jums pad\u0117ti susid\u016brus su i\u0161\u0161\u016bkiais kelyje. Teikiame technin\u0119 pagalb\u0105: galime atvykti \u012f viet\u0105 visame Neringos mieste ir suteikti pirmin\u0119 ap\u017ei\u016br\u0105 ir, jeigu \u012fmanoma, suteikti pirmin\u0119 pagalb\u0105. M\u016bs\u0173 autoservisas Nidoje atlieka smulk\u0173 va\u017eiuokl\u0117s bei...\" \/>\n<meta property=\"og:url\" content=\"https:\/\/kapitonotaksi.lt\/en\/roadside-assistance-in-neringa\/\" \/>\n<meta property=\"og:site_name\" content=\"Kapitono taksi\" \/>\n<meta property=\"article:publisher\" content=\"https:\/\/www.facebook.com\/profile.php?id=100085173499468\" \/>\n<meta property=\"article:modified_time\" content=\"2025-03-08T18:44:15+00:00\" \/>\n<meta property=\"og:image\" content=\"https:\/\/kapitonotaksi.lt\/wp-content\/uploads\/2023\/02\/motor-g476287d85_1920-e1676076277998.jpg\" \/>\n<meta name=\"twitter:card\" content=\"summary_large_image\" \/>\n<meta name=\"twitter:label1\" content=\"Est. reading time\" \/>\n\t<meta name=\"twitter:data1\" content=\"1 minute\" \/>\n<script type=\"application\/ld+json\" class=\"yoast-schema-graph\">{\"@context\":\"https:\\\/\\\/schema.org\",\"@graph\":[{\"@type\":\"WebPage\",\"@id\":\"https:\\\/\\\/kapitonotaksi.lt\\\/technine-pagalba-kelyje-neringos-mieste\\\/\",\"url\":\"https:\\\/\\\/kapitonotaksi.lt\\\/technine-pagalba-kelyje-neringos-mieste\\\/\",\"name\":\"Technin\u0117 pagalba kelyje Neringoje - Kapitono taksi\",\"isPartOf\":{\"@id\":\"https:\\\/\\\/kapitonotaksi.lt\\\/#website\"},\"primaryImageOfPage\":{\"@id\":\"https:\\\/\\\/kapitonotaksi.lt\\\/technine-pagalba-kelyje-neringos-mieste\\\/#primaryimage\"},\"image\":{\"@id\":\"https:\\\/\\\/kapitonotaksi.lt\\\/technine-pagalba-kelyje-neringos-mieste\\\/#primaryimage\"},\"thumbnailUrl\":\"https:\\\/\\\/kapitonotaksi.lt\\\/wp-content\\\/uploads\\\/2023\\\/02\\\/motor-g476287d85_1920-e1676076277998.jpg\",\"datePublished\":\"2023-02-11T00:50:58+00:00\",\"dateModified\":\"2025-03-08T18:44:15+00:00\",\"breadcrumb\":{\"@id\":\"https:\\\/\\\/kapitonotaksi.lt\\\/technine-pagalba-kelyje-neringos-mieste\\\/#breadcrumb\"},\"inLanguage\":\"en-US\",\"potentialAction\":[{\"@type\":\"ReadAction\",\"target\":[\"https:\\\/\\\/kapitonotaksi.lt\\\/technine-pagalba-kelyje-neringos-mieste\\\/\"]}]},{\"@type\":\"ImageObject\",\"inLanguage\":\"en-US\",\"@id\":\"https:\\\/\\\/kapitonotaksi.lt\\\/technine-pagalba-kelyje-neringos-mieste\\\/#primaryimage\",\"url\":\"https:\\\/\\\/kapitonotaksi.lt\\\/wp-content\\\/uploads\\\/2023\\\/02\\\/motor-g476287d85_1920-e1676076277998.jpg\",\"contentUrl\":\"https:\\\/\\\/kapitonotaksi.lt\\\/wp-content\\\/uploads\\\/2023\\\/02\\\/motor-g476287d85_1920-e1676076277998.jpg\"},{\"@type\":\"BreadcrumbList\",\"@id\":\"https:\\\/\\\/kapitonotaksi.lt\\\/technine-pagalba-kelyje-neringos-mieste\\\/#breadcrumb\",\"itemListElement\":[{\"@type\":\"ListItem\",\"position\":1,\"name\":\"Home\",\"item\":\"https:\\\/\\\/kapitonotaksi.lt\\\/\"},{\"@type\":\"ListItem\",\"position\":2,\"name\":\"Technin\u0117 pagalba kelyje Neringoje\"}]},{\"@type\":\"WebSite\",\"@id\":\"https:\\\/\\\/kapitonotaksi.lt\\\/#website\",\"url\":\"https:\\\/\\\/kapitonotaksi.lt\\\/\",\"name\":\"Kapitono taksi\",\"description\":\"Taksi Nidoje vis\u0105 par\u0105 \u2013 keliaukite be r\u016bpes\u010di\u0173!\",\"publisher\":{\"@id\":\"https:\\\/\\\/kapitonotaksi.lt\\\/#\\\/schema\\\/person\\\/1aa63cda89a0d7b8c863497cabcd92fb\"},\"potentialAction\":[{\"@type\":\"SearchAction\",\"target\":{\"@type\":\"EntryPoint\",\"urlTemplate\":\"https:\\\/\\\/kapitonotaksi.lt\\\/?s={search_term_string}\"},\"query-input\":{\"@type\":\"PropertyValueSpecification\",\"valueRequired\":true,\"valueName\":\"search_term_string\"}}],\"inLanguage\":\"en-US\"},{\"@type\":[\"Person\",\"Organization\"],\"@id\":\"https:\\\/\\\/kapitonotaksi.lt\\\/#\\\/schema\\\/person\\\/1aa63cda89a0d7b8c863497cabcd92fb\",\"name\":\"jonas\",\"image\":{\"@type\":\"ImageObject\",\"inLanguage\":\"en-US\",\"@id\":\"https:\\\/\\\/secure.gravatar.com\\\/avatar\\\/be510c7f37b9f142e966eb1dd16caafc846bce3b96e94b53b52222c3f07f74d6?s=96&d=mm&r=g\",\"url\":\"https:\\\/\\\/secure.gravatar.com\\\/avatar\\\/be510c7f37b9f142e966eb1dd16caafc846bce3b96e94b53b52222c3f07f74d6?s=96&d=mm&r=g\",\"contentUrl\":\"https:\\\/\\\/secure.gravatar.com\\\/avatar\\\/be510c7f37b9f142e966eb1dd16caafc846bce3b96e94b53b52222c3f07f74d6?s=96&d=mm&r=g\",\"caption\":\"jonas\"},\"logo\":{\"@id\":\"https:\\\/\\\/secure.gravatar.com\\\/avatar\\\/be510c7f37b9f142e966eb1dd16caafc846bce3b96e94b53b52222c3f07f74d6?s=96&d=mm&r=g\"},\"sameAs\":[\"https:\\\/\\\/kapitonotaksi.lt\",\"https:\\\/\\\/www.facebook.com\\\/profile.php?id=100085173499468\"]}]}<\/script>\n<!-- \/ Yoast SEO plugin. -->","yoast_head_json":{"title":"Technin\u0117 pagalba kelyje Neringoje - Kapitono taksi","robots":{"index":"index","follow":"follow","max-snippet":"max-snippet:-1","max-image-preview":"max-image-preview:large","max-video-preview":"max-video-preview:-1"},"canonical":"https:\/\/kapitonotaksi.lt\/en\/roadside-assistance-in-neringa\/","og_locale":"en_US","og_type":"article","og_title":"Technin\u0117 pagalba kelyje Neringoje - Kapitono taksi","og_description":"Kvieskite pagalb\u0105 \u0161iuo numeriu: +370 652 93470 Suteiksime jums technin\u0119 pagalb\u0105! Jeigu nusprend\u0117te keliauti nuosavu automobiliu, o ne taksi, mes esame pasiry\u017e\u0119 Jums pad\u0117ti susid\u016brus su i\u0161\u0161\u016bkiais kelyje. Teikiame technin\u0119 pagalb\u0105: galime atvykti \u012f viet\u0105 visame Neringos mieste ir suteikti pirmin\u0119 ap\u017ei\u016br\u0105 ir, jeigu \u012fmanoma, suteikti pirmin\u0119 pagalb\u0105. M\u016bs\u0173 autoservisas Nidoje atlieka smulk\u0173 va\u017eiuokl\u0117s bei...","og_url":"https:\/\/kapitonotaksi.lt\/en\/roadside-assistance-in-neringa\/","og_site_name":"Kapitono taksi","article_publisher":"https:\/\/www.facebook.com\/profile.php?id=100085173499468","article_modified_time":"2025-03-08T18:44:15+00:00","og_image":[{"url":"https:\/\/kapitonotaksi.lt\/wp-content\/uploads\/2023\/02\/motor-g476287d85_1920-e1676076277998.jpg","type":"","width":"","height":""}],"twitter_card":"summary_large_image","twitter_misc":{"Est. reading time":"1 minute"},"schema":{"@context":"https:\/\/schema.org","@graph":[{"@type":"WebPage","@id":"https:\/\/kapitonotaksi.lt\/technine-pagalba-kelyje-neringos-mieste\/","url":"https:\/\/kapitonotaksi.lt\/technine-pagalba-kelyje-neringos-mieste\/","name":"Technin\u0117 pagalba kelyje Neringoje - Kapitono taksi","isPartOf":{"@id":"https:\/\/kapitonotaksi.lt\/#website"},"primaryImageOfPage":{"@id":"https:\/\/kapitonotaksi.lt\/technine-pagalba-kelyje-neringos-mieste\/#primaryimage"},"image":{"@id":"https:\/\/kapitonotaksi.lt\/technine-pagalba-kelyje-neringos-mieste\/#primaryimage"},"thumbnailUrl":"https:\/\/kapitonotaksi.lt\/wp-content\/uploads\/2023\/02\/motor-g476287d85_1920-e1676076277998.jpg","datePublished":"2023-02-11T00:50:58+00:00","dateModified":"2025-03-08T18:44:15+00:00","breadcrumb":{"@id":"https:\/\/kapitonotaksi.lt\/technine-pagalba-kelyje-neringos-mieste\/#breadcrumb"},"inLanguage":"en-US","potentialAction":[{"@type":"ReadAction","target":["https:\/\/kapitonotaksi.lt\/technine-pagalba-kelyje-neringos-mieste\/"]}]},{"@type":"ImageObject","inLanguage":"en-US","@id":"https:\/\/kapitonotaksi.lt\/technine-pagalba-kelyje-neringos-mieste\/#primaryimage","url":"https:\/\/kapitonotaksi.lt\/wp-content\/uploads\/2023\/02\/motor-g476287d85_1920-e1676076277998.jpg","contentUrl":"https:\/\/kapitonotaksi.lt\/wp-content\/uploads\/2023\/02\/motor-g476287d85_1920-e1676076277998.jpg"},{"@type":"BreadcrumbList","@id":"https:\/\/kapitonotaksi.lt\/technine-pagalba-kelyje-neringos-mieste\/#breadcrumb","itemListElement":[{"@type":"ListItem","position":1,"name":"Home","item":"https:\/\/kapitonotaksi.lt\/"},{"@type":"ListItem","position":2,"name":"Technin\u0117 pagalba kelyje Neringoje"}]},{"@type":"WebSite","@id":"https:\/\/kapitonotaksi.lt\/#website","url":"https:\/\/kapitonotaksi.lt\/","name":"Kapitono taksi","description":"Taksi Nidoje vis\u0105 par\u0105 \u2013 keliaukite be r\u016bpes\u010di\u0173!","publisher":{"@id":"https:\/\/kapitonotaksi.lt\/#\/schema\/person\/1aa63cda89a0d7b8c863497cabcd92fb"},"potentialAction":[{"@type":"SearchAction","target":{"@type":"EntryPoint","urlTemplate":"https:\/\/kapitonotaksi.lt\/?s={search_term_string}"},"query-input":{"@type":"PropertyValueSpecification","valueRequired":true,"valueName":"search_term_string"}}],"inLanguage":"en-US"},{"@type":["Person","Organization"],"@id":"https:\/\/kapitonotaksi.lt\/#\/schema\/person\/1aa63cda89a0d7b8c863497cabcd92fb","name":"jonas","image":{"@type":"ImageObject","inLanguage":"en-US","@id":"https:\/\/secure.gravatar.com\/avatar\/be510c7f37b9f142e966eb1dd16caafc846bce3b96e94b53b52222c3f07f74d6?s=96&d=mm&r=g","url":"https:\/\/secure.gravatar.com\/avatar\/be510c7f37b9f142e966eb1dd16caafc846bce3b96e94b53b52222c3f07f74d6?s=96&d=mm&r=g","contentUrl":"https:\/\/secure.gravatar.com\/avatar\/be510c7f37b9f142e966eb1dd16caafc846bce3b96e94b53b52222c3f07f74d6?s=96&d=mm&r=g","caption":"jonas"},"logo":{"@id":"https:\/\/secure.gravatar.com\/avatar\/be510c7f37b9f142e966eb1dd16caafc846bce3b96e94b53b52222c3f07f74d6?s=96&d=mm&r=g"},"sameAs":["https:\/\/kapitonotaksi.lt","https:\/\/www.facebook.com\/profile.php?id=100085173499468"]}]}},"_links":{"self":[{"href":"https:\/\/kapitonotaksi.lt\/en\/wp-json\/wp\/v2\/pages\/3268","targetHints":{"allow":["GET"]}}],"collection":[{"href":"https:\/\/kapitonotaksi.lt\/en\/wp-json\/wp\/v2\/pages"}],"about":[{"href":"https:\/\/kapitonotaksi.lt\/en\/wp-json\/wp\/v2\/types\/page"}],"author":[{"embeddable":true,"href":"https:\/\/kapitonotaksi.lt\/en\/wp-json\/wp\/v2\/users\/1"}],"replies":[{"embeddable":true,"href":"https:\/\/kapitonotaksi.lt\/en\/wp-json\/wp\/v2\/comments?post=3268"}],"version-history":[{"count":57,"href":"https:\/\/kapitonotaksi.lt\/en\/wp-json\/wp\/v2\/pages\/3268\/revisions"}],"predecessor-version":[{"id":4084,"href":"https:\/\/kapitonotaksi.lt\/en\/wp-json\/wp\/v2\/pages\/3268\/revisions\/4084"}],"wp:attachment":[{"href":"https:\/\/kapitonotaksi.lt\/en\/wp-json\/wp\/v2\/media?parent=3268"}],"curies":[{"name":"wp","href":"https:\/\/api.w.org\/{rel}","templated":true}]}}